{"id":157,"date":"2024-04-23T08:11:00","date_gmt":"2024-04-23T08:11:00","guid":{"rendered":"https:\/\/arturlundkvistoderljunga.se\/?page_id=157"},"modified":"2024-05-03T11:57:46","modified_gmt":"2024-05-03T11:57:46","slug":"maria-wine","status":"publish","type":"page","link":"https:\/\/arturlundkvistoderljunga.se\/index.php\/maria-wine\/","title":{"rendered":"Maria Wine"},"content":{"rendered":"\t\t<div data-elementor-type=\"wp-page\" data-elementor-id=\"157\" class=\"elementor elementor-157\" data-elementor-post-type=\"page\">\n\t\t\t\t<div class=\"elementor-element elementor-element-ed54461 e-flex e-con-boxed e-con e-parent\" data-id=\"ed54461\" data-element_type=\"container\" data-e-type=\"container\">\n\t\t\t\t\t<div class=\"e-con-inner\">\n\t\t<div class=\"elementor-element elementor-element-6cd4aaa e-con-full e-flex e-con e-child\" data-id=\"6cd4aaa\" data-element_type=\"container\" data-e-type=\"container\">\n\t\t\t\t<div class=\"elementor-element elementor-element-e175982 elementor-widget elementor-widget-image\" data-id=\"e175982\" data-element_type=\"widget\" data-e-type=\"widget\" data-widget_type=\"image.default\">\n\t\t\t\t<div class=\"elementor-widget-container\">\n\t\t\t\t\t\t\t\t\t\t\t\t\t\t\t<img fetchpriority=\"high\" decoding=\"async\" width=\"768\" height=\"1024\" src=\"https:\/\/arturlundkvistoderljunga.se\/wp-content\/uploads\/2024\/05\/Maria-Wine-768x1024.png\" class=\"attachment-large size-large wp-image-255\" alt=\"\" srcset=\"https:\/\/arturlundkvistoderljunga.se\/wp-content\/uploads\/2024\/05\/Maria-Wine-768x1024.png 768w, https:\/\/arturlundkvistoderljunga.se\/wp-content\/uploads\/2024\/05\/Maria-Wine-225x300.png 225w, https:\/\/arturlundkvistoderljunga.se\/wp-content\/uploads\/2024\/05\/Maria-Wine.png 1024w\" sizes=\"(max-width: 768px) 100vw, 768px\" \/>\t\t\t\t\t\t\t\t\t\t\t\t\t\t\t<\/div>\n\t\t\t\t<\/div>\n\t\t\t\t<\/div>\n\t\t<div class=\"elementor-element elementor-element-6f0b63d e-con-full e-flex e-con e-child\" data-id=\"6f0b63d\" data-element_type=\"container\" data-e-type=\"container\">\n\t\t\t\t<div class=\"elementor-element elementor-element-6010f8f elementor-widget elementor-widget-text-editor\" data-id=\"6010f8f\" data-element_type=\"widget\" data-e-type=\"widget\" data-widget_type=\"text-editor.default\">\n\t\t\t\t<div class=\"elementor-widget-container\">\n\t\t\t\t\t\t\t\t\t<p>Maria Wine f\u00f6ddes den 8 juli 1912 i K\u00f6penhamn och avled i Solna den 22 april 2003. Hennes namn vid f\u00f6delsen var Karla Petersen. Hon hade en sv\u00e5r barndom och uppv\u00e4xt som hon sj\u00e4lv har beskrivit i prosaboken Man har skjutit ett lejon utgiven p\u00e5 Bonniers f\u00f6rlag 1951.\u00a0<\/p><p>Efter att ha varit placerad p\u00e5 barnhemmet Jaegerspris kom hon i tio\u00e5rs\u00e5ldern till ett adoptivhem, d\u00e4r hon mer eller mindre f\u00f6rbj\u00f6ds att l\u00e4sa b\u00f6cker. Hon tyckte inte om sitt riktiga namn Karla Petersen utan bytte s\u00e5 sm\u00e5ningom till moderns sl\u00e4ktnamn Wine och valde som f\u00f6rnamn sitt andra namn Maria i st\u00e4llet f\u00f6r Karla.<\/p><p><span style=\"color: var( --e-global-color-text ); font-family: var( --e-global-typography-text-font-family ), Sans-serif; font-weight: var( --e-global-typography-text-font-weight ); text-align: var(--text-align); font-size: 1rem;\">\u00c5r 1936 tr\u00e4ffade hon sin blivande make Artur Lundkvist och efter bara n\u00e5gra m\u00e5naders bekantskap gifte de sig borgerligt i K\u00f6penhamn. Hon flyttade med Artur till Stockholm d\u00e4r de delade ett i starten materiellt enkelt leverne. Artur introducerade henne i Stockholms intellektuella kretsar bland f\u00f6rfattare och konstn\u00e4rer. Hon var ung och vacker med en medveten stil som hon beh\u00f6ll livet ut, men hon var ocks\u00e5 blyg och tyst. Maria brottades som danska med det svenska spr\u00e5ket, inte minst n\u00e4r hon b\u00f6rjade g\u00f6ra trevande f\u00f6rs\u00f6k som lyriker. Artur underst\u00f6dde och uppmuntrade henne och underl\u00e4ttade hennes arbete vid spr\u00e5kliga oklarheter. Maria debuterade 1942 i den litter\u00e4ra kalendern Horisont och utkom 1943 p\u00e5 Bonniers med sin f\u00f6rsta egna diktsamling Vinden ur m\u00f6rkret. Sedan debuten har Maria gett ut mer \u00e4n 30 diktsamlingar och prosalyriska b\u00f6cker. Hennes sista diktsamling har titeln G\u00e5 p\u00e5 mossa och publicerades s\u00e5 sent som \u00e5r 2001. Den ing\u00e5r i boken Dikter i urval 1942-2000 utgiven p\u00e5 Bonniers.<\/span><\/p><p>Som framg\u00e5r av presentationen till denna diktsamling \u00e4r \u201ds\u00e4rskilt Maria Wines k\u00e4rleksdikter st\u00e4ndigt efterfr\u00e5gade. Hennes diktande som till att b\u00f6rja med uppeh\u00f6ll sig i det undermedvetna och dr\u00f6mmens regioner har med tiden utvecklats b\u00e5de till naturlyrik och till en pr\u00f6vande existentialistisk tankedikt om d\u00f6den och skrivandet. Allt hon skriver \u00e4r pr\u00e4glat av en stark erotisk livsk\u00e4nsla, en ljusk\u00e4nsla med kroppen och identifierar sig med det oansenliga, med ting, djur och v\u00e4xter. Kvinnan i hennes dikt \u00e4r b\u00e5de s\u00e5rbar och stridbar och r\u00f6r sig i sp\u00e4nningsf\u00e4ltet mellan vemod och l\u00e4ngtan, trots och gl\u00e4dje\u201d.<\/p><p>Inte bara Marias k\u00e4rleksdikter utan ocks\u00e5 hennes djur- och naturlyriska dikter \u00e4r mycket uppskattade och \u00e5terkommer st\u00e4ndigt i den aktuella debatten. Mycket i Marias diktning h\u00e4mtar sin n\u00e4ring ur k\u00e4rlekssagan mellan henne och Artur Lundkvist \u2013 en k\u00e4rlekssaga som blev en institution i det svenska kulturlivet. Arturs och Marias \u201dk\u00e4rlekskontrakt\u201d innefattade b\u00e5de beroende och frihet. Kontrahenterna vandrade delvis egna v\u00e4gar men \u00e5terkom alltid till den gemensamma tryggheten, en trygghet som blev s\u00e4rskilt m\u00e4rkbar i samband med att Artur den 21 oktober 1981 drabbades av en allvarlig hj\u00e4rt\u00e5komma fr\u00e5n vilken han aldrig helt \u00e5terh\u00e4mtade sig. Artur Lundkvist, f\u00f6dd den 3 mars 1906, avled i Solna den 11 december 1991.<\/p><p>Maria Wine mottog m\u00e5nga litter\u00e4ra utm\u00e4rkelser, bl a Bellmanpriset 1976 och Fr\u00f6dingpriset 1998. Ar 2001 tilldelades hon av regeringen professorstitel. Flera av Maria Wines dikter \u00e4r tonsatta. I Lille Bror S\u00f6derlundhs samling S\u00e5nger och visor f\u00f6r mansk\u00f6r (Bonniers 1949) \u00e5terfinnes t ex dikterna Vakna skogssj\u00f6! \u2026 och Fly, Fly fr\u00e5n dig sj\u00e4lv\u2026<br \/>Maria hade m\u00e5nga favoriter bland sina egna dikter. I livets slutskede stannade hon oftast inf\u00f6r dikten Ge mig en vacker sten ur samlingen Vinge 1961.<\/p><p>Ge mig en vacker sten<br \/>dock inte vackrare \u00e4n<br \/>att jag kan beskriva dess sk\u00f6nhet<br \/>Ge mig en k\u00e4rlek<br \/>dock inte st\u00f6rre \u00e4n<br \/>att jag kan besvara den<br \/>Ge mig en gl\u00e4dje<br \/>dock inte st\u00f6rre \u00e4n<br \/>att jag kan gl\u00e4djas \u00e5t den<br \/>Om det ej lyckas ge mig en sorg s\u00e5 stor<br \/>att all tanke p\u00e5 r\u00e4ddning \u00e4r om\u00f6jlig!<\/p>\t\t\t\t\t\t\t\t<\/div>\n\t\t\t\t<\/div>\n\t\t\t\t<\/div>\n\t\t\t\t\t<\/div>\n\t\t\t\t<\/div>\n\t\t\t\t<\/div>\n\t\t","protected":false},"excerpt":{"rendered":"<p>Maria Wine f\u00f6ddes den 8 juli 1912 i K\u00f6penhamn och avled i Solna den 22 april 2003. Hennes namn vid f\u00f6delsen var Karla Petersen. Hon hade en sv\u00e5r barndom och [&hellip;]<\/p>\n","protected":false},"author":1,"featured_media":0,"parent":0,"menu_order":0,"comment_status":"closed","ping_status":"closed","template":"","meta":{"footnotes":""},"class_list":["post-157","page","type-page","status-publish","hentry"],"_links":{"self":[{"href":"https:\/\/arturlundkvistoderljunga.se\/index.php\/wp-json\/wp\/v2\/pages\/157","targetHints":{"allow":["GET"]}}],"collection":[{"href":"https:\/\/arturlundkvistoderljunga.se\/index.php\/wp-json\/wp\/v2\/pages"}],"about":[{"href":"https:\/\/arturlundkvistoderljunga.se\/index.php\/wp-json\/wp\/v2\/types\/page"}],"author":[{"embeddable":true,"href":"https:\/\/arturlundkvistoderljunga.se\/index.php\/wp-json\/wp\/v2\/users\/1"}],"replies":[{"embeddable":true,"href":"https:\/\/arturlundkvistoderljunga.se\/index.php\/wp-json\/wp\/v2\/comments?post=157"}],"version-history":[{"count":16,"href":"https:\/\/arturlundkvistoderljunga.se\/index.php\/wp-json\/wp\/v2\/pages\/157\/revisions"}],"predecessor-version":[{"id":258,"href":"https:\/\/arturlundkvistoderljunga.se\/index.php\/wp-json\/wp\/v2\/pages\/157\/revisions\/258"}],"wp:attachment":[{"href":"https:\/\/arturlundkvistoderljunga.se\/index.php\/wp-json\/wp\/v2\/media?parent=157"}],"curies":[{"name":"wp","href":"https:\/\/api.w.org\/{rel}","templated":true}]}}