{"id":207,"date":"2024-05-02T09:34:52","date_gmt":"2024-05-02T09:34:52","guid":{"rendered":"https:\/\/arturlundkvistoderljunga.se\/?page_id=207"},"modified":"2024-05-03T11:47:56","modified_gmt":"2024-05-03T11:47:56","slug":"artur-lundkvist-och-maria-wines-stiftelse","status":"publish","type":"page","link":"https:\/\/arturlundkvistoderljunga.se\/index.php\/artur-lundkvist-och-maria-wines-stiftelse\/","title":{"rendered":"Artur Lundkvist och Maria Wines Stiftelse"},"content":{"rendered":"\t\t<div data-elementor-type=\"wp-page\" data-elementor-id=\"207\" class=\"elementor elementor-207\" data-elementor-post-type=\"page\">\n\t\t\t\t<div class=\"elementor-element elementor-element-92bd452 e-flex e-con-boxed e-con e-parent\" data-id=\"92bd452\" data-element_type=\"container\" data-e-type=\"container\">\n\t\t\t\t\t<div class=\"e-con-inner\">\n\t\t<div class=\"elementor-element elementor-element-b467778 e-con-full e-flex e-con e-child\" data-id=\"b467778\" data-element_type=\"container\" data-e-type=\"container\">\n\t\t\t\t<div class=\"elementor-element elementor-element-958695d elementor-widget elementor-widget-text-editor\" data-id=\"958695d\" data-element_type=\"widget\" data-e-type=\"widget\" data-widget_type=\"text-editor.default\">\n\t\t\t\t<div class=\"elementor-widget-container\">\n\t\t\t\t\t\t\t\t\t<p>Artur Lundkvists f\u00f6delsehem i Hagstad ink\u00f6ptes 1991 och \u00f6vergick 1992 i den nybildade Artur Lundkvists Stiftelses \u00e4go. Stiftelsens namn har sedermera \u00e4ndrats till Artur Lundkvist och Maria Wines Stiftelse. P\u00e5 g\u00e5rden som helrenoverades 1994-95 finns f\u00f6rutom boningshuset en logl\u00e4nga och en stall\u00e4nga inneh\u00e5llande bl.a. en permanent Artur Lundkvist utst\u00e4llning fr\u00e5n 1986 och en utst\u00e4llning om Maria Wine fr\u00e5n 2003.<\/p><p>Stiftelsens \u00e4ndam\u00e5l \u00e4r att f\u00f6rvalta Artur Lundkvists f\u00f6delsehem och att f\u00f6rdela medel som kommit in till stiftelsen till f\u00f6rfattare, konstn\u00e4rer och andra personer. Stipendiets fr\u00e4msta uppgift \u00e4r att l\u00e5ta stipendiater komma och bo en tid p\u00e5 g\u00e5rden.<\/p>\t\t\t\t\t\t\t\t<\/div>\n\t\t\t\t<\/div>\n\t\t\t\t<\/div>\n\t\t<div class=\"elementor-element elementor-element-d4e9d3e e-con-full e-flex e-con e-child\" data-id=\"d4e9d3e\" data-element_type=\"container\" data-e-type=\"container\">\n\t\t\t\t<div class=\"elementor-element elementor-element-fcdb0d6 elementor-widget elementor-widget-image\" data-id=\"fcdb0d6\" data-element_type=\"widget\" data-e-type=\"widget\" data-widget_type=\"image.default\">\n\t\t\t\t<div class=\"elementor-widget-container\">\n\t\t\t\t\t\t\t\t\t\t\t\t\t\t\t<img decoding=\"async\" width=\"177\" height=\"182\" src=\"https:\/\/arturlundkvistoderljunga.se\/wp-content\/uploads\/2024\/04\/Artur-och-Maria-ljus.png\" class=\"attachment-large size-large wp-image-177\" alt=\"\" \/>\t\t\t\t\t\t\t\t\t\t\t\t\t\t\t<\/div>\n\t\t\t\t<\/div>\n\t\t\t\t<\/div>\n\t\t\t\t\t<\/div>\n\t\t\t\t<\/div>\n\t\t\t\t<\/div>\n\t\t","protected":false},"excerpt":{"rendered":"<p>Artur Lundkvists f\u00f6delsehem i Hagstad ink\u00f6ptes 1991 och \u00f6vergick 1992 i den nybildade Artur Lundkvists Stiftelses \u00e4go. Stiftelsens namn har sedermera \u00e4ndrats till Artur Lundkvist och Maria Wines Stiftelse. P\u00e5 [&hellip;]<\/p>\n","protected":false},"author":1,"featured_media":0,"parent":0,"menu_order":0,"comment_status":"closed","ping_status":"closed","template":"","meta":{"footnotes":""},"class_list":["post-207","page","type-page","status-publish","hentry"],"_links":{"self":[{"href":"https:\/\/arturlundkvistoderljunga.se\/index.php\/wp-json\/wp\/v2\/pages\/207","targetHints":{"allow":["GET"]}}],"collection":[{"href":"https:\/\/arturlundkvistoderljunga.se\/index.php\/wp-json\/wp\/v2\/pages"}],"about":[{"href":"https:\/\/arturlundkvistoderljunga.se\/index.php\/wp-json\/wp\/v2\/types\/page"}],"author":[{"embeddable":true,"href":"https:\/\/arturlundkvistoderljunga.se\/index.php\/wp-json\/wp\/v2\/users\/1"}],"replies":[{"embeddable":true,"href":"https:\/\/arturlundkvistoderljunga.se\/index.php\/wp-json\/wp\/v2\/comments?post=207"}],"version-history":[{"count":7,"href":"https:\/\/arturlundkvistoderljunga.se\/index.php\/wp-json\/wp\/v2\/pages\/207\/revisions"}],"predecessor-version":[{"id":245,"href":"https:\/\/arturlundkvistoderljunga.se\/index.php\/wp-json\/wp\/v2\/pages\/207\/revisions\/245"}],"wp:attachment":[{"href":"https:\/\/arturlundkvistoderljunga.se\/index.php\/wp-json\/wp\/v2\/media?parent=207"}],"curies":[{"name":"wp","href":"https:\/\/api.w.org\/{rel}","templated":true}]}}