{"id":7,"date":"2024-02-28T15:34:33","date_gmt":"2024-02-28T15:34:33","guid":{"rendered":"https:\/\/arturlundkvistoderljunga.se\/?page_id=7"},"modified":"2024-12-05T10:20:22","modified_gmt":"2024-12-05T10:20:22","slug":"elementor-7","status":"publish","type":"page","link":"https:\/\/arturlundkvistoderljunga.se\/","title":{"rendered":"Hem"},"content":{"rendered":"\t\t<div data-elementor-type=\"wp-post\" data-elementor-id=\"7\" class=\"elementor elementor-7\" data-elementor-post-type=\"page\">\n\t\t\t\t<div class=\"elementor-element elementor-element-5b028bf e-flex e-con-boxed e-con e-parent\" data-id=\"5b028bf\" data-element_type=\"container\" data-e-type=\"container\">\n\t\t\t\t\t<div class=\"e-con-inner\">\n\t\t\t\t<div class=\"elementor-element elementor-element-7f7d86f elementor-widget elementor-widget-spacer\" data-id=\"7f7d86f\" data-element_type=\"widget\" data-e-type=\"widget\" data-widget_type=\"spacer.default\">\n\t\t\t\t<div class=\"elementor-widget-container\">\n\t\t\t\t\t\t\t<div class=\"elementor-spacer\">\n\t\t\t<div class=\"elementor-spacer-inner\"><\/div>\n\t\t<\/div>\n\t\t\t\t\t\t<\/div>\n\t\t\t\t<\/div>\n\t\t\t\t<div class=\"elementor-element elementor-element-8824225 elementor-widget elementor-widget-heading\" data-id=\"8824225\" data-element_type=\"widget\" data-e-type=\"widget\" data-widget_type=\"heading.default\">\n\t\t\t\t<div class=\"elementor-widget-container\">\n\t\t\t\t\t<h2 class=\"elementor-heading-title elementor-size-default\">Artur Lundkvist f\u00f6delsehem<\/h2>\t\t\t\t<\/div>\n\t\t\t\t<\/div>\n\t\t\t\t<div class=\"elementor-element elementor-element-aec76f8 elementor-widget elementor-widget-text-editor\" data-id=\"aec76f8\" data-element_type=\"widget\" data-e-type=\"widget\" data-widget_type=\"text-editor.default\">\n\t\t\t\t<div class=\"elementor-widget-container\">\n\t\t\t\t\t\t\t\t\t<p><span style=\"color: var( --e-global-color-text ); font-family: var( --e-global-typography-text-font-family ), Sans-serif; font-weight: var( --e-global-typography-text-font-weight ); text-align: var(--text-align); font-size: 1rem;\">Artur Lundkvist f\u00f6ddes den 3 mars 1906 p\u00e5 den g\u00e5rd, som nu har namnet Artur\u00a0<\/span><span style=\"color: var( --e-global-color-text ); font-family: var( --e-global-typography-text-font-family ), Sans-serif; font-weight: var( --e-global-typography-text-font-weight ); text-align: var(--text-align); font-size: 1rem;\">Lundkvistg\u00e5rden. Han bodde endast ett par \u00e5r p\u00e5 g\u00e5rden innan familjen flyttade till en <\/span><span style=\"color: var( --e-global-color-text ); font-family: var( --e-global-typography-text-font-family ), Sans-serif; font-weight: var( --e-global-typography-text-font-weight ); text-align: var(--text-align); font-size: 1rem;\">g\u00e5rd i Toarp, ett par kilometer fr\u00e5n Hagstad. Artur hade sin barndoms- och\u00a0<\/span><span style=\"color: var( --e-global-color-text ); font-family: var( --e-global-typography-text-font-family ), Sans-serif; font-weight: var( --e-global-typography-text-font-weight ); text-align: var(--text-align); font-size: 1rem;\">ungdomstid i Oderljunga socken.<\/span><\/p>\t\t\t\t\t\t\t\t<\/div>\n\t\t\t\t<\/div>\n\t\t\t\t\t<\/div>\n\t\t\t\t<\/div>\n\t\t<div class=\"elementor-element elementor-element-7c03bdc e-flex e-con-boxed e-con e-parent\" data-id=\"7c03bdc\" data-element_type=\"container\" data-e-type=\"container\">\n\t\t\t\t\t<div class=\"e-con-inner\">\n\t\t<div class=\"elementor-element elementor-element-b30285a e-con-full e-flex e-con e-child\" data-id=\"b30285a\" data-element_type=\"container\" data-e-type=\"container\">\n\t\t\t\t<div class=\"elementor-element elementor-element-bfa9f97 elementor-widget elementor-widget-image\" data-id=\"bfa9f97\" data-element_type=\"widget\" data-e-type=\"widget\" data-widget_type=\"image.default\">\n\t\t\t\t<div class=\"elementor-widget-container\">\n\t\t\t\t\t\t\t\t\t\t\t\t\t\t\t<img decoding=\"async\" width=\"197\" height=\"162\" src=\"https:\/\/arturlundkvistoderljunga.se\/wp-content\/uploads\/2024\/03\/wpbe154deb_05_06.jpg\" class=\"attachment-large size-large wp-image-111\" alt=\"\" \/>\t\t\t\t\t\t\t\t\t\t\t\t\t\t\t<\/div>\n\t\t\t\t<\/div>\n\t\t\t\t<\/div>\n\t\t<div class=\"elementor-element elementor-element-9771a03 e-con-full e-flex e-con e-child\" data-id=\"9771a03\" data-element_type=\"container\" data-e-type=\"container\">\n\t\t\t\t<div class=\"elementor-element elementor-element-9e49ce6 elementor-widget elementor-widget-image\" data-id=\"9e49ce6\" data-element_type=\"widget\" data-e-type=\"widget\" data-widget_type=\"image.default\">\n\t\t\t\t<div class=\"elementor-widget-container\">\n\t\t\t\t\t\t\t\t\t\t\t\t<figure class=\"wp-caption\">\n\t\t\t\t\t\t\t\t\t\t<img decoding=\"async\" width=\"185\" height=\"189\" src=\"https:\/\/arturlundkvistoderljunga.se\/wp-content\/uploads\/2024\/03\/wpbcae6f88_06.png\" class=\"attachment-large size-large wp-image-112\" alt=\"\" \/>\t\t\t\t\t\t\t\t\t\t\t<figcaption class=\"widget-image-caption wp-caption-text\">Artur Lundkvist med sin <br>hustru Maria Wine<\/figcaption>\n\t\t\t\t\t\t\t\t\t\t<\/figure>\n\t\t\t\t\t\t\t\t\t<\/div>\n\t\t\t\t<\/div>\n\t\t\t\t<\/div>\n\t\t<div class=\"elementor-element elementor-element-f7cc1cf e-con-full e-flex e-con e-child\" data-id=\"f7cc1cf\" data-element_type=\"container\" data-e-type=\"container\">\n\t\t\t\t<div class=\"elementor-element elementor-element-c301177 elementor-widget elementor-widget-image\" data-id=\"c301177\" data-element_type=\"widget\" data-e-type=\"widget\" data-widget_type=\"image.default\">\n\t\t\t\t<div class=\"elementor-widget-container\">\n\t\t\t\t\t\t\t\t\t\t\t\t\t\t\t<img fetchpriority=\"high\" decoding=\"async\" width=\"800\" height=\"598\" src=\"https:\/\/arturlundkvistoderljunga.se\/wp-content\/uploads\/2024\/05\/Huset-baksida-1024x766.png\" class=\"attachment-large size-large wp-image-192\" alt=\"\" srcset=\"https:\/\/arturlundkvistoderljunga.se\/wp-content\/uploads\/2024\/05\/Huset-baksida-1024x766.png 1024w, https:\/\/arturlundkvistoderljunga.se\/wp-content\/uploads\/2024\/05\/Huset-baksida-300x225.png 300w, https:\/\/arturlundkvistoderljunga.se\/wp-content\/uploads\/2024\/05\/Huset-baksida-768x575.png 768w, https:\/\/arturlundkvistoderljunga.se\/wp-content\/uploads\/2024\/05\/Huset-baksida-1536x1150.png 1536w, https:\/\/arturlundkvistoderljunga.se\/wp-content\/uploads\/2024\/05\/Huset-baksida.png 1944w\" sizes=\"(max-width: 800px) 100vw, 800px\" \/>\t\t\t\t\t\t\t\t\t\t\t\t\t\t\t<\/div>\n\t\t\t\t<\/div>\n\t\t\t\t<\/div>\n\t\t\t\t\t<\/div>\n\t\t\t\t<\/div>\n\t\t<div class=\"elementor-element elementor-element-af11f24 e-flex e-con-boxed e-con e-parent\" data-id=\"af11f24\" data-element_type=\"container\" data-e-type=\"container\">\n\t\t\t\t\t<div class=\"e-con-inner\">\n\t\t\t\t<div class=\"elementor-element elementor-element-94bca8c elementor-widget elementor-widget-image\" data-id=\"94bca8c\" data-element_type=\"widget\" data-e-type=\"widget\" data-widget_type=\"image.default\">\n\t\t\t\t<div class=\"elementor-widget-container\">\n\t\t\t\t\t\t\t\t\t\t\t\t<figure class=\"wp-caption\">\n\t\t\t\t\t\t\t\t\t\t<img loading=\"lazy\" decoding=\"async\" width=\"800\" height=\"472\" src=\"https:\/\/arturlundkvistoderljunga.se\/wp-content\/uploads\/2024\/05\/Utstallningen.png\" class=\"attachment-large size-large wp-image-221\" alt=\"Utst\u00e4llningen\" srcset=\"https:\/\/arturlundkvistoderljunga.se\/wp-content\/uploads\/2024\/05\/Utstallningen.png 1024w, https:\/\/arturlundkvistoderljunga.se\/wp-content\/uploads\/2024\/05\/Utstallningen-300x177.png 300w, https:\/\/arturlundkvistoderljunga.se\/wp-content\/uploads\/2024\/05\/Utstallningen-768x453.png 768w\" sizes=\"(max-width: 800px) 100vw, 800px\" \/>\t\t\t\t\t\t\t\t\t\t\t<figcaption class=\"widget-image-caption wp-caption-text\">Utst\u00e4llningslokalen<\/figcaption>\n\t\t\t\t\t\t\t\t\t\t<\/figure>\n\t\t\t\t\t\t\t\t\t<\/div>\n\t\t\t\t<\/div>\n\t\t\t\t\t<\/div>\n\t\t\t\t<\/div>\n\t\t\t\t<\/div>\n\t\t","protected":false},"excerpt":{"rendered":"<p>Artur Lundkvist f\u00f6delsehem Artur Lundkvist f\u00f6ddes den 3 mars 1906 p\u00e5 den g\u00e5rd, som nu har namnet Artur\u00a0Lundkvistg\u00e5rden. Han bodde endast ett par \u00e5r p\u00e5 g\u00e5rden innan familjen flyttade till [&hellip;]<\/p>\n","protected":false},"author":1,"featured_media":0,"parent":0,"menu_order":0,"comment_status":"closed","ping_status":"closed","template":"","meta":{"footnotes":""},"class_list":["post-7","page","type-page","status-publish","hentry"],"_links":{"self":[{"href":"https:\/\/arturlundkvistoderljunga.se\/index.php\/wp-json\/wp\/v2\/pages\/7","targetHints":{"allow":["GET"]}}],"collection":[{"href":"https:\/\/arturlundkvistoderljunga.se\/index.php\/wp-json\/wp\/v2\/pages"}],"about":[{"href":"https:\/\/arturlundkvistoderljunga.se\/index.php\/wp-json\/wp\/v2\/types\/page"}],"author":[{"embeddable":true,"href":"https:\/\/arturlundkvistoderljunga.se\/index.php\/wp-json\/wp\/v2\/users\/1"}],"replies":[{"embeddable":true,"href":"https:\/\/arturlundkvistoderljunga.se\/index.php\/wp-json\/wp\/v2\/comments?post=7"}],"version-history":[{"count":71,"href":"https:\/\/arturlundkvistoderljunga.se\/index.php\/wp-json\/wp\/v2\/pages\/7\/revisions"}],"predecessor-version":[{"id":297,"href":"https:\/\/arturlundkvistoderljunga.se\/index.php\/wp-json\/wp\/v2\/pages\/7\/revisions\/297"}],"wp:attachment":[{"href":"https:\/\/arturlundkvistoderljunga.se\/index.php\/wp-json\/wp\/v2\/media?parent=7"}],"curies":[{"name":"wp","href":"https:\/\/api.w.org\/{rel}","templated":true}]}}