{"id":70,"date":"2024-02-29T10:11:04","date_gmt":"2024-02-29T10:11:04","guid":{"rendered":"https:\/\/arturlundkvistoderljunga.se\/?page_id=70"},"modified":"2024-05-03T11:36:31","modified_gmt":"2024-05-03T11:36:31","slug":"info-till-sokande","status":"publish","type":"page","link":"https:\/\/arturlundkvistoderljunga.se\/index.php\/info-till-sokande\/","title":{"rendered":"Info till s\u00f6kande"},"content":{"rendered":"\t\t<div data-elementor-type=\"wp-page\" data-elementor-id=\"70\" class=\"elementor elementor-70\" data-elementor-post-type=\"page\">\n\t\t\t\t<div class=\"elementor-element elementor-element-c5a69d2 e-flex e-con-boxed e-con e-parent\" data-id=\"c5a69d2\" data-element_type=\"container\" data-e-type=\"container\">\n\t\t\t\t\t<div class=\"e-con-inner\">\n\t\t\t\t<div class=\"elementor-element elementor-element-6d4fbec elementor-widget elementor-widget-heading\" data-id=\"6d4fbec\" data-element_type=\"widget\" data-e-type=\"widget\" data-widget_type=\"heading.default\">\n\t\t\t\t<div class=\"elementor-widget-container\">\n\t\t\t\t\t<h2 class=\"elementor-heading-title elementor-size-default\">Information till s\u00f6kande stipendiater<\/h2>\t\t\t\t<\/div>\n\t\t\t\t<\/div>\n\t\t\t\t<div class=\"elementor-element elementor-element-0bd45c9 elementor-widget elementor-widget-text-editor\" data-id=\"0bd45c9\" data-element_type=\"widget\" data-e-type=\"widget\" data-widget_type=\"text-editor.default\">\n\t\t\t\t<div class=\"elementor-widget-container\">\n\t\t\t\t\t\t\t\t\t<p>Lite om Artur Lundkvist och Maria Wines stiftelse<\/p><p>Artur Lundkvist f\u00f6ddes den 3 mars 1906 p\u00e5 den g\u00e5rd, som nu har namnet Artur<br \/>Lundkvistgarden. Han bodde endast ett par ar p\u00e5 garden innan familjen flyttade till en<br \/>gard i Toarp, ett par kilometer fr\u00e5n Hagstad. Artur hade sin barndoms- och<br \/>ungdomstid i Oderljunga socken. Familjen flyttade senare till Tyringe och d\u00e4refter<br \/>flyttade Artur efter n\u00e5got ar till Stockholm.<\/p><p>Artur Lundkvistgarden k\u00f6ptes 1992 av den nybildade Artur Lundkvist och Maria<br \/>Wines stiftelse. Garden genomgick en genomgripande renovering for att dels fa en<br \/>rimlig standard, dels bevara milj\u00f6n ungef\u00e4r som den s\u00e5g ut vid sekelskiftet.<br \/>Stall\u00e4ngan anv\u00e4nds som utst\u00e4llnings- och samlingslokal. En utst\u00e4llning om Artur<br \/>Lundkvists f\u00f6rfattarskap, som gjordes till hans 80-arsdag finns uppst\u00e4lld i detta ram.<br \/>Dar finns ocks\u00e5 en utst\u00e4llning om Maria Wines f\u00f6rfattarskap, som gjordes till hennes<br \/>90-arsdag 2002. Logl\u00e4ngan kan anv\u00e4ndas for servering, logdans eller andra \u00e4ndam\u00e5l.<br \/>Under 2003, nar Maria avlidit, 6vertog stiftelsen kvarl\u00e5tenskap fr\u00e5n Arturs och<br \/>Marias hem i Solna. Det har gjort det m\u00f6jligt att m\u00f6blera bostaden sa, att den som<br \/>bes\u00f6kt hemmet i Solna k\u00e4nner igen milj\u00f6er och inventarier. Framf\u00f6rallt marks det<br \/>omfattande biblioteket men ocks\u00e5 bilder och en del m\u00f6bler.<\/p><p>Lite praktisk information<\/p><p>I kyrkbyn Oderljunga utmed vag 108 ca 9 kilometer norr om Perstorp alldeles vid<br \/>kyrkan finns Toarps v\u00e4gen at v\u00e4ster, fr\u00e5n den tar man in till h\u00f6ger p\u00e5 Artur Lundkvist<br \/>vag. Lite l\u00e4ngre norrut finns Hagstad v\u00e4gen som ocks\u00e5 leder till Artur<br \/>Lundkvistgarden med adress Hagstad 114, 284 92 Perstorp, tfn 0435-320 47.<br \/>Bostadshuset bestar av vardagsrum, 2 sovrum, arbetsrum, k\u00f6k samt toalett\/duschrum.<br \/>K\u00f6ket ar utrustat med kokk\u00e4rl, k\u00f6ksredskap, servis, bestick, kylsk\u00e5p, spis med 2<br \/>elplattor, en separat ugn ocks\u00e5 med 2 elplattor. Fryssk\u00e5p finns i stallet. Det finns<br \/>dammsugare och radio men inte TV. Det finns 4 s\u00e4ngar utrustade med madrasser,<br \/>tacken, kuddar och extra filtar. Lakan, k6kshanddukar och toaletthanddukar\/badlakan<br \/>medtages av den som bor i huset. Det finns ADSL och skrivare att tillg\u00e5. F\u00f6r att fa<br \/>varme i bostaden finns i f\u00f6rsta hand en s.k. v\u00e4rmeluftpump som kan styras med en<br \/>\u201cregulator\u201d som sitter p\u00e5 v\u00e4ggen bredvid pumpen. I andra hand finns el-element som<br \/>styrs dels med en central termostat p\u00e5 v\u00e4ggen mot k\u00f6ket eller manuella termostater p\u00e5<br \/>varje element. Det finns ocks4 m\u00f6jlighet till vedeldning i en s.k. utliggare som matas<br \/>fr\u00e5n k\u00f6ket \u2014 en trevlig milj\u00f6faktor. I stall\u00e4ngan finns hydrofor, tv\u00e4ttmaskin,<br \/>tr\u00e4dg\u00e5rdsredskap och en toalett. I en s\u00e4rskild byggnad finns en jordk\u00e4llare.<\/p><p>De som bor i huset ansvarar for st\u00e4dning och l\u00e4ttare tr\u00e4dg\u00e5rdsarbete och ombedes<br \/>hissa och hala flaggan p\u00e5 allm\u00e4nna flaggdagar. Flaggan ligger p\u00e5 hatthyllan i stallet.<br \/>Det r stiftelsens \u00f6nskan att enskilda och grupper kan komma till garden, se p\u00e5<br \/>utst\u00e4llningar och l\u00e4ra sig om Artur Lundkvist och Maria Wines f\u00f6rfattarskap.<br \/>Spontanbes\u00f6k och planerade gruppbes\u00f6k kan f\u00f6rekomma. Nar det giller sponta ar det<\/p><p>tackn\u00e4mligt om stipendiaten kan hj\u00e4lpa till att \u00f6ppna och st\u00e4nga stallet och ev.<br \/>medverka vid visning. Bes\u00f6k i bostadshuset sker p\u00e5 den boendes eget initiativ och<br \/>bed\u00f6mning. Under juni och juli f\u00f6rs\u00f6ker vi om m\u00f6jligt att h\u00e5lla hela g\u00e5rden \u00f6ppen f\u00f6r<br \/>bes\u00f6k mellan 13.00 och 17.00, onsdagar t.o.m. s\u00f6ndagar. \u00d6vrig tid \u00e4r bostadshuset<br \/>reserverat f\u00f6r stipendiater som s\u00f6ker arbetsro och inspiration i den vackra<br \/>nordsk\u00e5nske naturen.<\/p><p>Stiftelsen uppskattar om stipendiater under sin vistelse kan t\u00e4nka sig medverka i<br \/>arrangemang som kan fr\u00e4mja allm\u00e4nhetens intresse f\u00f6r stiftelsens arbete, f\u00f6r<br \/>skrivande eller annat konstn\u00e4rligt skapande. Exempelvis kan man t\u00e4nka sig att<br \/>stipendiater kan medverka i f\u00f6rfattarm\u00f6ten p\u00e5 biblioteket, st\u00e4lla upp p\u00e5 att bes\u00f6ka<br \/>skolor, tr\u00e4ffa elever och ber\u00e4tta om sin skapande verksamhet. Kanske ocks\u00e5 st\u00e4lla ut<br \/>ev. konst i Konsthallen som finns p\u00e5 Perstorps bibliotek.<\/p><p>Vid avf\u00e4rd skall bostaden l\u00e4mnas v\u00e4lst\u00e4dad. Husdjur \u00e4r inte v\u00e4lkomna p.g.a. ev.<br \/>allergiker som kommer efter, r\u00f6kning \u00e4r f\u00f6rbjuden i samtliga byggnader. Stiftelsen<br \/>v\u00e4rdes\u00e4tter sparsamhet med elv\u00e4rme och belysning. Vi debiterar kostnader f\u00f6r<br \/>telefonsamtal under vistelsen, annan teknisk utrustning s\u00e5som internetuppkoppling,<br \/>skrivare och kopiator kan anv\u00e4ndas mot en ers\u00e4ttning av per vecka.<\/p><p>Lite om trakten<\/p><p>Alldeles n\u00e4stg\u00e5rds ligger Vildrosor &amp; H\u00f6ns som \u00e4r ett g\u00e5rdscaf\u00e9 och Bed &amp; Breakfast<br \/>i sekelskiftesmilj\u00f6. De b\u00e4ddar sin s\u00e4ngar med ekologiskt s\u00e4nglinne och bakar sina<br \/>br\u00f6d och kakor av till st\u00f6rsta delen ekologiska r\u00e5varor. Vildrosor &amp; H\u00f6ns uts\u00e5gs till<br \/>&#8221;Sk\u00e5nes b\u00e4sta omv\u00e4g 2009&#8221; av tidningen Magasinet Sk\u00e5ne. Till n\u00e4rmaste aff\u00e4r som<br \/>finns inne i Perstorp \u00e4r det 11 kilometer och till bussh\u00e5llplats i Oderljunga \u00e4r det 2<br \/>kilometer, bussavg\u00e5ng 2 g\u00e5nger per dag. I Perstorp finns Swedbank, Post, Apotek,<br \/>Bibliotek, J\u00e4rnv\u00e4gs- och busstation, V\u00e5rdcentral, Systembolag, Statoilmack med aff\u00e4r<br \/>Frendo (\u00f6ppen kl. 06.00 \u2014 24.00) ICA Supermarket, restauranger och caf\u00e9. Det<br \/>finns ett badhus med friskv\u00e5rdsanl\u00e4ggning, Ugglebadet. Plastens Hus, Sveriges enda<br \/>plastmuseum, belyser plastens utveckling och betydelse i det svenska samh\u00e4llet och<br \/>visar bl.a. en imponerande samling av bruksf\u00f6rem\u00e5l i plast fr\u00e5n f\u00f6rr. \u00c4r det s\u00e4song f\u00f6r<br \/>utomhusbad rekommenderas B\u00e4lingebadet norr om Oderljunga med badplats och<br \/>kiosk. Lite sydv\u00e4st om Oderljunga finns Oderljunga M\u00f6lla som bl.a. inrymmer ett<br \/>museum med lanthandel, bank, skolsal m.m.<\/p><p>F\u00f6r mer information eller fr\u00e5gor kontakta g\u00e4rna:<br \/>Lars-G\u00f6ran Thulin<br \/>\u00c5ke Petersson 0435-342 91 ake.petersson@perstorp.seths.se<br \/>Sven Magnusson 0435-345 89 sven.magnusson@gmail.com<br \/>Christina L Johansson 0435-354 44 zandra.lind@telia.com<br \/>Bert Klang 0435-321 43 gilla.klang@telia.com<\/p><p>\u00a0<\/p>\t\t\t\t\t\t\t\t<\/div>\n\t\t\t\t<\/div>\n\t\t\t\t\t<\/div>\n\t\t\t\t<\/div>\n\t\t\t\t<\/div>\n\t\t","protected":false},"excerpt":{"rendered":"<p>Information till s\u00f6kande stipendiater Lite om Artur Lundkvist och Maria Wines stiftelse Artur Lundkvist f\u00f6ddes den 3 mars 1906 p\u00e5 den g\u00e5rd, som nu har namnet ArturLundkvistgarden. Han bodde endast [&hellip;]<\/p>\n","protected":false},"author":1,"featured_media":0,"parent":0,"menu_order":0,"comment_status":"closed","ping_status":"closed","template":"","meta":{"footnotes":""},"class_list":["post-70","page","type-page","status-publish","hentry"],"_links":{"self":[{"href":"https:\/\/arturlundkvistoderljunga.se\/index.php\/wp-json\/wp\/v2\/pages\/70","targetHints":{"allow":["GET"]}}],"collection":[{"href":"https:\/\/arturlundkvistoderljunga.se\/index.php\/wp-json\/wp\/v2\/pages"}],"about":[{"href":"https:\/\/arturlundkvistoderljunga.se\/index.php\/wp-json\/wp\/v2\/types\/page"}],"author":[{"embeddable":true,"href":"https:\/\/arturlundkvistoderljunga.se\/index.php\/wp-json\/wp\/v2\/users\/1"}],"replies":[{"embeddable":true,"href":"https:\/\/arturlundkvistoderljunga.se\/index.php\/wp-json\/wp\/v2\/comments?post=70"}],"version-history":[{"count":10,"href":"https:\/\/arturlundkvistoderljunga.se\/index.php\/wp-json\/wp\/v2\/pages\/70\/revisions"}],"predecessor-version":[{"id":227,"href":"https:\/\/arturlundkvistoderljunga.se\/index.php\/wp-json\/wp\/v2\/pages\/70\/revisions\/227"}],"wp:attachment":[{"href":"https:\/\/arturlundkvistoderljunga.se\/index.php\/wp-json\/wp\/v2\/media?parent=70"}],"curies":[{"name":"wp","href":"https:\/\/api.w.org\/{rel}","templated":true}]}}