{"id":81,"date":"2024-03-01T06:59:08","date_gmt":"2024-03-01T06:59:08","guid":{"rendered":"https:\/\/arturlundkvistoderljunga.se\/?page_id=81"},"modified":"2024-03-01T07:02:22","modified_gmt":"2024-03-01T07:02:22","slug":"stadgar","status":"publish","type":"page","link":"https:\/\/arturlundkvistoderljunga.se\/index.php\/stadgar\/","title":{"rendered":"Stadgar"},"content":{"rendered":"\t\t<div data-elementor-type=\"wp-page\" data-elementor-id=\"81\" class=\"elementor elementor-81\" data-elementor-post-type=\"page\">\n\t\t\t\t<div class=\"elementor-element elementor-element-9173910 e-flex e-con-boxed e-con e-parent\" data-id=\"9173910\" data-element_type=\"container\" data-e-type=\"container\">\n\t\t\t\t\t<div class=\"e-con-inner\">\n\t\t\t\t<div class=\"elementor-element elementor-element-5f71173 elementor-widget elementor-widget-heading\" data-id=\"5f71173\" data-element_type=\"widget\" data-e-type=\"widget\" data-widget_type=\"heading.default\">\n\t\t\t\t<div class=\"elementor-widget-container\">\n\t\t\t\t\t<h2 class=\"elementor-heading-title elementor-size-default\">Stadgar f\u00f6r Artur Lundkvist och Maria Wines Stiftelse<\/h2>\t\t\t\t<\/div>\n\t\t\t\t<\/div>\n\t\t\t\t<div class=\"elementor-element elementor-element-de3d443 elementor-widget elementor-widget-text-editor\" data-id=\"de3d443\" data-element_type=\"widget\" data-e-type=\"widget\" data-widget_type=\"text-editor.default\">\n\t\t\t\t<div class=\"elementor-widget-container\">\n\t\t\t\t\t\t\t\t\t<p>\u00a7 1 Stiftelsens \u00e4ndam\u00e5l<br \/>Artur Lundkvist och Maria Wines stiftelse har till \u00e4ndam\u00e5l att f\u00f6rvalta Artur Lundkvists<br \/>f\u00f6delsehem samt bland f\u00f6rfattare, konstn\u00e4rer och andra personer som stipendier f\u00f6rdela de<br \/>medel som influtit till stiftelsen. Prim\u00e4rt innefattar stipendiet fri vistelse p\u00e5 stiftsg\u00e5rden.<\/p><p>\u00a7 2 Stiftelsens tillg\u00e5ngar utg\u00f6rs av<br \/>\u2022 Artur Lundkvists f\u00f6delsehem, Hagstad 8:12<br \/>\u2022 Fondmedel som genom testamente, g\u00e5va eller annorledes kan tillfalla stiftelsen<br \/>\u2022 G\u00e5vor och bidrag som kan tillfalla stiftelsen samt<br \/>\u2022 Avkastning av stiftelsens tillg\u00e5ngar<\/p><p>\u00a7 3 Utdelning<br \/>Stiftelsens \u00e5rliga avkastning skall, sedan minst en tiondel lagts till kapitalet, anv\u00e4ndas f\u00f6r<br \/>stiftelsens \u00e4ndam\u00e5l.<\/p><p>\u00a7 4 Styrelse<br \/>Stiftelsens angel\u00e4genheter handhas av en styrelse best\u00e5ende av nio ledam\u00f6ter som v\u00e4ljs f\u00f6r en<br \/>tid av fyra \u00e5r. Avg\u00e5r ledamot f\u00f6re mandattidens utg\u00e5ng, skall ny ledamot utses f\u00f6r \u00e5terst\u00e5ende<br \/>del av mandattiden.<\/p><p>Den n\u00e4mnd som handhar kulturfr\u00e5gor i Perstorps kommun utser tv\u00e5 representanter.<br \/>Den n\u00e4mnd som handhar kulturfr\u00e5gor i Solna kommun utser tv\u00e5 representanter.<br \/>L\u00e4nsstyrelsen i Sk\u00e5ne l\u00e4n utser en representant.<br \/>Styrelsen utser \u00f6vriga ledam\u00f6ter..<br \/>Styrelsen ledam\u00f6ter skall utses s\u00e5 att stiftelsen tillf\u00f6rs\u00e4kras tillr\u00e4cklig kulturell, ekonomisk<br \/>och juridisk kompetens.<br \/>\u00a75<br \/>Styrelsen v\u00e4ljer inom sig skattm\u00e4stare och sekreterare samt \u00f6vriga funktion\u00e4rer som beh\u00f6vs<br \/>f\u00f6r att handl\u00e4gga stiftelsens arbetsuppgifter.<\/p><p>Styrelsen \u00e4ger att inom sig utse ett arbetsutskott.<\/p><p>Styrelsen \u00e4ger r\u00e4tt, att d\u00e5 s\u00e5 erfordras, till sig adjungera l\u00e4mpliga personer f\u00f6r s\u00e4rskilt<br \/>uppdrag.<\/p><p>Styrelsen sammantr\u00e4der p\u00e5 kallelse av ordf\u00f6randen, s\u00e5 snart detta \u00e4r erforderligt. P\u00e5 beg\u00e4ran<br \/>av tv\u00e5 styrelseledam\u00f6ter \u00e4r ordf\u00f6randen skyldig att snarast sammankalla styrelsen. Minst ett<br \/>protokollf\u00f6rt sammantr\u00e4de skall h\u00e5llas varje \u00e5r.<\/p><p>\u00a7 6 Beslut<br \/>Beslut i styrelsen fattas med enkel majoritet.<br \/>Styrelsen \u00e4r beslutsf\u00f6r d\u00e5 minst fem ledam\u00f6ter \u00e4r n\u00e4rvarande. Vid lika r\u00f6stetal har<br \/>ordf\u00f6randen utslagsr\u00f6st.<\/p><p>\u00a7 7 Stiftelsens s\u00e4te<br \/>Stiftelsen skall ha sitt s\u00e4te i Perstorps kommun<\/p>\t\t\t\t\t\t\t\t<\/div>\n\t\t\t\t<\/div>\n\t\t\t\t\t<\/div>\n\t\t\t\t<\/div>\n\t\t\t\t<\/div>\n\t\t","protected":false},"excerpt":{"rendered":"<p>Stadgar f\u00f6r Artur Lundkvist och Maria Wines Stiftelse \u00a7 1 Stiftelsens \u00e4ndam\u00e5lArtur Lundkvist och Maria Wines stiftelse har till \u00e4ndam\u00e5l att f\u00f6rvalta Artur Lundkvistsf\u00f6delsehem samt bland f\u00f6rfattare, konstn\u00e4rer och andra [&hellip;]<\/p>\n","protected":false},"author":1,"featured_media":0,"parent":0,"menu_order":0,"comment_status":"closed","ping_status":"closed","template":"","meta":{"footnotes":""},"class_list":["post-81","page","type-page","status-publish","hentry"],"_links":{"self":[{"href":"https:\/\/arturlundkvistoderljunga.se\/index.php\/wp-json\/wp\/v2\/pages\/81","targetHints":{"allow":["GET"]}}],"collection":[{"href":"https:\/\/arturlundkvistoderljunga.se\/index.php\/wp-json\/wp\/v2\/pages"}],"about":[{"href":"https:\/\/arturlundkvistoderljunga.se\/index.php\/wp-json\/wp\/v2\/types\/page"}],"author":[{"embeddable":true,"href":"https:\/\/arturlundkvistoderljunga.se\/index.php\/wp-json\/wp\/v2\/users\/1"}],"replies":[{"embeddable":true,"href":"https:\/\/arturlundkvistoderljunga.se\/index.php\/wp-json\/wp\/v2\/comments?post=81"}],"version-history":[{"count":7,"href":"https:\/\/arturlundkvistoderljunga.se\/index.php\/wp-json\/wp\/v2\/pages\/81\/revisions"}],"predecessor-version":[{"id":88,"href":"https:\/\/arturlundkvistoderljunga.se\/index.php\/wp-json\/wp\/v2\/pages\/81\/revisions\/88"}],"wp:attachment":[{"href":"https:\/\/arturlundkvistoderljunga.se\/index.php\/wp-json\/wp\/v2\/media?parent=81"}],"curies":[{"name":"wp","href":"https:\/\/api.w.org\/{rel}","templated":true}]}}