{"id":90,"date":"2024-03-01T10:38:35","date_gmt":"2024-03-01T10:38:35","guid":{"rendered":"https:\/\/arturlundkvistoderljunga.se\/?page_id=90"},"modified":"2025-10-07T17:27:02","modified_gmt":"2025-10-07T15:27:02","slug":"ansokning","status":"publish","type":"page","link":"https:\/\/arturlundkvistoderljunga.se\/index.php\/ansokning\/","title":{"rendered":"Ans\u00f6kning"},"content":{"rendered":"\n<p><strong>T\u00e4nk p\u00e5 att din ans\u00f6kan m\u00e5ste vara inne senast den 31 oktober<\/strong>.<\/p>\n\n\n\n<p>Skicka din ans\u00f6kan till:<\/p>\n\n\n\n<pre class=\"wp-block-code\"><code><strong>Perstorps bibliotek\nTorget\n284 85 Perstor<\/strong>p\neller eposta ans\u00f6kan till bibliotek@perstorp.se<\/code><\/pre>\n\n\n\n<figure class=\"wp-block-image size-full\"><img fetchpriority=\"high\" decoding=\"async\" width=\"835\" height=\"756\" src=\"https:\/\/arturlundkvistoderljunga.se\/wp-content\/uploads\/2024\/03\/wpe3daa8d0_06.png\" alt=\"\" class=\"wp-image-91\" srcset=\"https:\/\/arturlundkvistoderljunga.se\/wp-content\/uploads\/2024\/03\/wpe3daa8d0_06.png 835w, https:\/\/arturlundkvistoderljunga.se\/wp-content\/uploads\/2024\/03\/wpe3daa8d0_06-300x272.png 300w, https:\/\/arturlundkvistoderljunga.se\/wp-content\/uploads\/2024\/03\/wpe3daa8d0_06-768x695.png 768w\" sizes=\"(max-width: 835px) 100vw, 835px\" \/><\/figure>\n\n\n\n<figure class=\"wp-block-image size-full\"><img decoding=\"async\" width=\"804\" height=\"378\" src=\"https:\/\/arturlundkvistoderljunga.se\/wp-content\/uploads\/2024\/03\/wpa6c952a9_06.png\" alt=\"\" class=\"wp-image-92\" srcset=\"https:\/\/arturlundkvistoderljunga.se\/wp-content\/uploads\/2024\/03\/wpa6c952a9_06.png 804w, https:\/\/arturlundkvistoderljunga.se\/wp-content\/uploads\/2024\/03\/wpa6c952a9_06-300x141.png 300w, https:\/\/arturlundkvistoderljunga.se\/wp-content\/uploads\/2024\/03\/wpa6c952a9_06-768x361.png 768w\" sizes=\"(max-width: 804px) 100vw, 804px\" \/><\/figure>\n\n\n\n<p><\/p>\n","protected":false},"excerpt":{"rendered":"<p>T\u00e4nk p\u00e5 att din ans\u00f6kan m\u00e5ste vara inne senast den 31 oktober. Skicka din ans\u00f6kan till:<\/p>\n","protected":false},"author":1,"featured_media":0,"parent":0,"menu_order":0,"comment_status":"closed","ping_status":"closed","template":"","meta":{"footnotes":""},"class_list":["post-90","page","type-page","status-publish","hentry"],"_links":{"self":[{"href":"https:\/\/arturlundkvistoderljunga.se\/index.php\/wp-json\/wp\/v2\/pages\/90","targetHints":{"allow":["GET"]}}],"collection":[{"href":"https:\/\/arturlundkvistoderljunga.se\/index.php\/wp-json\/wp\/v2\/pages"}],"about":[{"href":"https:\/\/arturlundkvistoderljunga.se\/index.php\/wp-json\/wp\/v2\/types\/page"}],"author":[{"embeddable":true,"href":"https:\/\/arturlundkvistoderljunga.se\/index.php\/wp-json\/wp\/v2\/users\/1"}],"replies":[{"embeddable":true,"href":"https:\/\/arturlundkvistoderljunga.se\/index.php\/wp-json\/wp\/v2\/comments?post=90"}],"version-history":[{"count":4,"href":"https:\/\/arturlundkvistoderljunga.se\/index.php\/wp-json\/wp\/v2\/pages\/90\/revisions"}],"predecessor-version":[{"id":355,"href":"https:\/\/arturlundkvistoderljunga.se\/index.php\/wp-json\/wp\/v2\/pages\/90\/revisions\/355"}],"wp:attachment":[{"href":"https:\/\/arturlundkvistoderljunga.se\/index.php\/wp-json\/wp\/v2\/media?parent=90"}],"curies":[{"name":"wp","href":"https:\/\/api.w.org\/{rel}","templated":true}]}}